{"id":3966,"date":"2020-01-30T10:08:23","date_gmt":"2020-01-30T17:08:23","guid":{"rendered":"http:\/\/cee.cimav.edu.mx\/2026\/?page_id=3966"},"modified":"2025-03-04T11:57:24","modified_gmt":"2025-03-04T18:57:24","slug":"inicio-2","status":"publish","type":"page","link":"https:\/\/cee.cimav.edu.mx\/2026\/","title":{"rendered":"Inicio"},"content":{"rendered":"<p><a href=\"http:\/\/cee.cimav.edu.mx\/2026\/wp-content\/uploads\/2020\/01\/cee25.jpg\"><img loading=\"lazy\" decoding=\"async\" class=\"wp-image-5090 size-large\" src=\"http:\/\/cee.cimav.edu.mx\/2026\/wp-content\/uploads\/2020\/01\/cee25-1024x369.jpg\" alt=\"cee\" width=\"930\" height=\"335\" srcset=\"https:\/\/cee.cimav.edu.mx\/2026\/wp-content\/uploads\/2020\/01\/cee25-1024x369.jpg 1024w, https:\/\/cee.cimav.edu.mx\/2026\/wp-content\/uploads\/2020\/01\/cee25-300x108.jpg 300w, https:\/\/cee.cimav.edu.mx\/2026\/wp-content\/uploads\/2020\/01\/cee25.jpg 1075w\" sizes=\"auto, (max-width: 930px) 100vw, 930px\" \/><\/a><\/p>\n<p>&nbsp;<\/p>\n<p>Las acciones desarrolladas por la comunidad que integra el CIMAV, buscan desarrollar, definir e integrar pol\u00edticas, programas, planes y acciones eficaces bien orientadas tanto para las prioridades del pa\u00eds como para ser competitivos internacionalmente.<\/p>\n<p>El enfoque es la generaci\u00f3n de nuevos conocimientos cient\u00edficos, divulgaci\u00f3n y difusi\u00f3n de \u00e9stos, formaci\u00f3n nuevos talentos especializados en materia de ciencias, tecnolog\u00edas e innovaci\u00f3n; adem\u00e1s de las actividades de vinculaci\u00f3n con el sector productivo, acceso universal al conocimiento y propiedad intelectual. Con todo esto, se contribuye a coadyuvar a la soluci\u00f3n de las necesidades prioritarias de la poblaci\u00f3n.<\/p>\n<p>El CIMAV, est\u00e1 constituido como una instituci\u00f3n orientada, tanto a la formaci\u00f3n de talentos especializados, como al desarrollo de proyectos de investigaci\u00f3n y a la prestaci\u00f3n de servicios y proyectos tecnol\u00f3gicos en las \u00e1reas de materiales, nanotecnolog\u00eda, energ\u00eda y medio ambiente. Lo anterior le ha permitido la consolidaci\u00f3n de los procesos de generaci\u00f3n y transferencia de conocimiento, la formaci\u00f3n de nuevos cuadros de cient\u00edficos y tecn\u00f3logos, difusi\u00f3n del conocimiento generado, la publicaci\u00f3n de art\u00edculos cient\u00edficos de alcance internacional y la generaci\u00f3n de patentes.<\/p>\n<p>&nbsp;<\/p>\n<p>A continuaci\u00f3n, se presenta el Informe de Autoevaluaci\u00f3n, del ejercicio fiscal 2024, con los resultados obtenidos, para la atenci\u00f3n de los Objetivos Prioritarios establecidos:<\/p>\n<p>&nbsp;<\/p>\n<p>&nbsp;<\/p>\n<p><strong><a href=\"http:\/\/cee.cimav.edu.mx\/2026\/wp-content\/uploads\/2020\/01\/CEE2025VFINAL.pdf\">INFORME DE AUTOEVALUACI\u00d3N, DEL EJERCICIO FISCAL 2024<\/a><\/strong><\/p>\n","protected":false},"excerpt":{"rendered":"<p>&nbsp; Las acciones desarrolladas por la comunidad que integra el CIMAV, buscan desarrollar, definir e integrar pol\u00edticas, programas, planes y acciones eficaces bien orientadas tanto para las prioridades del pa\u00eds como para ser competitivos internacionalmente. El enfoque es la generaci\u00f3n de nuevos conocimientos cient\u00edficos, divulgaci\u00f3n y difusi\u00f3n de \u00e9stos, formaci\u00f3n nuevos talentos especializados en materia &hellip; <a href=\"https:\/\/cee.cimav.edu.mx\/2026\/\" class=\"more-link\">Continue reading <span class=\"screen-reader-text\">Inicio<\/span> <span class=\"meta-nav\">&rarr;<\/span><\/a><\/p>\n","protected":false},"author":2,"featured_media":0,"parent":0,"menu_order":0,"comment_status":"closed","ping_status":"closed","template":"","meta":{"footnotes":""},"class_list":["post-3966","page","type-page","status-publish","hentry"],"_links":{"self":[{"href":"https:\/\/cee.cimav.edu.mx\/2026\/index.php?rest_route=\/wp\/v2\/pages\/3966","targetHints":{"allow":["GET"]}}],"collection":[{"href":"https:\/\/cee.cimav.edu.mx\/2026\/index.php?rest_route=\/wp\/v2\/pages"}],"about":[{"href":"https:\/\/cee.cimav.edu.mx\/2026\/index.php?rest_route=\/wp\/v2\/types\/page"}],"author":[{"embeddable":true,"href":"https:\/\/cee.cimav.edu.mx\/2026\/index.php?rest_route=\/wp\/v2\/users\/2"}],"replies":[{"embeddable":true,"href":"https:\/\/cee.cimav.edu.mx\/2026\/index.php?rest_route=%2Fwp%2Fv2%2Fcomments&post=3966"}],"version-history":[{"count":43,"href":"https:\/\/cee.cimav.edu.mx\/2026\/index.php?rest_route=\/wp\/v2\/pages\/3966\/revisions"}],"predecessor-version":[{"id":5102,"href":"https:\/\/cee.cimav.edu.mx\/2026\/index.php?rest_route=\/wp\/v2\/pages\/3966\/revisions\/5102"}],"wp:attachment":[{"href":"https:\/\/cee.cimav.edu.mx\/2026\/index.php?rest_route=%2Fwp%2Fv2%2Fmedia&parent=3966"}],"curies":[{"name":"wp","href":"https:\/\/api.w.org\/{rel}","templated":true}]}}